{"id":71,"date":"2021-05-19T13:09:01","date_gmt":"2021-05-19T11:09:01","guid":{"rendered":"https:\/\/sgs.respond.no\/?page_id=71"},"modified":"2021-06-02T12:21:46","modified_gmt":"2021-06-02T10:21:46","slug":"vilkar-betingelser","status":"publish","type":"page","link":"https:\/\/sgs.respond.no\/?page_id=71","title":{"rendered":"Vilk\u00e5r &#038; betingelser"},"content":{"rendered":"\n<h2 class=\"wp-block-heading\">Priser<\/h2>\n\n\n\n<p>Alle priser er oppgitt i norske kroner inklusive merverdiavgift (mva\/&raquo;moms&raquo;) hvis ikke annet er bemerket.<\/p>\n\n\n\n<h2 class=\"wp-block-heading\">Produktinformasjon<\/h2>\n\n\n\n<p>Gosh&nbsp;vil til enhver tid videreformidle informasjon om produkter gitt fra v\u00e5re leverand\u00f8rer. Dersom et produkt ikke stemmer overens med de spesifikasjoner som er gitt fra&nbsp;Gosh eller andre kilder, gir det i seg selv ikke rett til noe krav ovenfor&nbsp;Gosh fra kj\u00f8perens side. Det gir heller ikke rett til retur av varen, s\u00e5fremt ikke spesifikasjonene p\u00e5 produktet som er levert i vesentlig grad avviker fra de som er oppgitt.<\/p>\n\n\n\n<h2 class=\"wp-block-heading\">Mangler i leveranse<\/h2>\n\n\n\n<p>Eventuelle mangler ved en leveranse m\u00e5 rapporteres til&nbsp;Gosh i rimelig tid etter at feilen burde v\u00e6rt oppdaget.<\/p>\n\n\n\n<h2 class=\"wp-block-heading\">Mangler\/feil ved produkter&nbsp;<\/h2>\n\n\n\n<p>Oppdages det eventuelle mangler eller mulige feil ved et produkt, skal kj\u00f8peren innen rimelig tid etter at mangelen burde v\u00e6rt oppdaget, rapportere mangelen til Respond AS hvis eget fors\u00f8k p\u00e5 \u00e5 finne l\u00f8sning p\u00e5 problemet ikke vinner frem. Dersom&nbsp;Gosh gir spesielle instruksjoner p\u00e5 hvordan mangelen\/reklamasjonen skal behandles for \u00e5 finne en l\u00f8sning p\u00e5 problemet, m\u00e5 disse instruksjonene f\u00f8lges.<\/p>\n\n\n\n<h2 class=\"wp-block-heading\">Leveringstid<\/h2>\n\n\n\n<p>Leveringstid ca en uke fra mottatt ordre.<\/p>\n\n\n\n<p>Frakttid vil variere noe innenlands.&nbsp;<\/p>\n\n\n\n<p>Vi tar forbehold&nbsp;om eventuelle forsinkelser fra fraktselskap.<\/p>\n\n\n\n<h2 class=\"wp-block-heading\">Befraktning<\/h2>\n\n\n\n<p>Fraktomkostning kr. 250,- inkl mva pr. forsendelse. Fritt levert ved ordre over kr. 5000,-<\/p>\n\n\n\n<h2 class=\"wp-block-heading\">Betaling\/kreditt<\/h2>\n\n\n\n<p>Tiln\u00e6rmede fraktutgifter til den faktiske fraktkostnaden, pluss gebyrer, faktureres kj\u00f8peren sammen med leveransen av varen. Hvis befrakterfirmaet som, ikke kan tilby tjenesten tilsvarende Postens tjeneste &laquo;postoppkrav&raquo;, m\u00e5 varen forskuddsbetales. Kreditt til privatpersoner gis kun etter minimum ett \u00e5rs fast kundeforhold. Bedriftskunder kan innvilges kreditt ved at kreditts\u00f8knad utfylles og returneres sammen med siste \u00e5rs regnskap. V\u00e5r regnskapsavdeling vil da vurdere kreditt og kredittlimit. Respond AS forbeholder seg retten til \u00e5 avsl\u00e5 enhver s\u00f8knad om kreditt uten gi begrunnelse for avslaget. Ved kredittsalg gis det 10 dagers kreditt til firmaer\/privatpersoner og 30 dagers kreditt til offentlige institusjoner. Det sendes ut 2 purringer for kredittsalg f\u00f8r kravet sendes til inkasso. Morarenter og purregebyr beregnes til enhver tid til maksimum av gjeldende regler for dette.<\/p>\n\n\n\n<h2 class=\"wp-block-heading\">Uavhentede leveranser<\/h2>\n\n\n\n<p>Ved uavhentede leveranser\/pakker vil kj\u00f8peren ilegges sum av f\u00f8lgende: 250 kroner i gebyr for uavhentet vare, dette er n\u00f8dvendig for \u00e5 dekke v\u00e5re kostnader i forbindelse med returfrakt.<\/p>\n\n\n\n<h2 class=\"wp-block-heading\">Reklamasjonsrett<\/h2>\n\n\n\n<p>Reklamasjonsrett etter kj\u00f8pslovens bestemmelser.<\/p>\n\n\n\n<h2 class=\"wp-block-heading\">Garanti<\/h2>\n\n\n\n<p>Garanti p\u00e5 alle produktene f\u00f8lger produsentens garanti. Denne er normalt minst 1 \u00e5r. Produsenten garanterer for produktets funksjonsdyktighet i garantitiden. Garantien dekker normalt ikke feil som skyldes uforsvarlig eller utilsiktet bruk, ytre skader eller mangelfullt vedlikehold. Garantien innbefatter normalt ikke deler til produkter hvis normale levetid er kortere enn den oppgitte garantitiden. Garantien dekker kun selve produktet, ikke eventuelle tilleggsprodukter eller informasjon som kj\u00f8peren har tilf\u00f8rt produktet. Ved garantireklamasjon m\u00e5 det p\u00e5st\u00e5tt defekte produktet returneres til&nbsp;Gosh-medlemmet med komplette manualer og original emballasje, hvis ikke annet er avtalt.<\/p>\n","protected":false},"excerpt":{"rendered":"<p>Priser Alle priser er oppgitt i norske kroner inklusive merverdiavgift (mva\/&raquo;moms&raquo;) hvis ikke annet er bemerket. Produktinformasjon Gosh&nbsp;vil til enhver [&hellip;]<\/p>\n","protected":false},"author":1,"featured_media":0,"parent":0,"menu_order":0,"comment_status":"closed","ping_status":"closed","template":"","meta":{"_angie_page":false,"site-sidebar-layout":"default","site-content-layout":"","ast-site-content-layout":"default","site-content-style":"default","site-sidebar-style":"default","ast-global-header-display":"","ast-banner-title-visibility":"","ast-main-header-display":"","ast-hfb-above-header-display":"","ast-hfb-below-header-display":"","ast-hfb-mobile-header-display":"","site-post-title":"","ast-breadcrumbs-content":"","ast-featured-img":"","footer-sml-layout":"","ast-disable-related-posts":"","theme-transparent-header-meta":"","adv-header-id-meta":"","stick-header-meta":"","header-above-stick-meta":"","header-main-stick-meta":"","header-below-stick-meta":"","astra-migrate-meta-layouts":"default","ast-page-background-enabled":"default","ast-page-background-meta":{"desktop":{"background-color":"var(--ast-global-color-5)","background-image":"","background-repeat":"repeat","background-position":"center center","background-size":"auto","background-attachment":"scroll","background-type":"","background-media":"","overlay-type":"","overlay-color":"","overlay-opacity":"","overlay-gradient":""},"tablet":{"background-color":"","background-image":"","background-repeat":"repeat","background-position":"center center","background-size":"auto","background-attachment":"scroll","background-type":"","background-media":"","overlay-type":"","overlay-color":"","overlay-opacity":"","overlay-gradient":""},"mobile":{"background-color":"","background-image":"","background-repeat":"repeat","background-position":"center center","background-size":"auto","background-attachment":"scroll","background-type":"","background-media":"","overlay-type":"","overlay-color":"","overlay-opacity":"","overlay-gradient":""}},"ast-content-background-meta":{"desktop":{"background-color":"var(--ast-global-color-4)","background-image":"","background-repeat":"repeat","background-position":"center center","background-size":"auto","background-attachment":"scroll","background-type":"","background-media":"","overlay-type":"","overlay-color":"","overlay-opacity":"","overlay-gradient":""},"tablet":{"background-color":"var(--ast-global-color-4)","background-image":"","background-repeat":"repeat","background-position":"center center","background-size":"auto","background-attachment":"scroll","background-type":"","background-media":"","overlay-type":"","overlay-color":"","overlay-opacity":"","overlay-gradient":""},"mobile":{"background-color":"var(--ast-global-color-4)","background-image":"","background-repeat":"repeat","background-position":"center center","background-size":"auto","background-attachment":"scroll","background-type":"","background-media":"","overlay-type":"","overlay-color":"","overlay-opacity":"","overlay-gradient":""}},"footnotes":""},"class_list":["post-71","page","type-page","status-publish","hentry"],"_links":{"self":[{"href":"https:\/\/sgs.respond.no\/index.php?rest_route=\/wp\/v2\/pages\/71","targetHints":{"allow":["GET"]}}],"collection":[{"href":"https:\/\/sgs.respond.no\/index.php?rest_route=\/wp\/v2\/pages"}],"about":[{"href":"https:\/\/sgs.respond.no\/index.php?rest_route=\/wp\/v2\/types\/page"}],"author":[{"embeddable":true,"href":"https:\/\/sgs.respond.no\/index.php?rest_route=\/wp\/v2\/users\/1"}],"replies":[{"embeddable":true,"href":"https:\/\/sgs.respond.no\/index.php?rest_route=%2Fwp%2Fv2%2Fcomments&post=71"}],"version-history":[{"count":3,"href":"https:\/\/sgs.respond.no\/index.php?rest_route=\/wp\/v2\/pages\/71\/revisions"}],"predecessor-version":[{"id":281,"href":"https:\/\/sgs.respond.no\/index.php?rest_route=\/wp\/v2\/pages\/71\/revisions\/281"}],"wp:attachment":[{"href":"https:\/\/sgs.respond.no\/index.php?rest_route=%2Fwp%2Fv2%2Fmedia&parent=71"}],"curies":[{"name":"wp","href":"https:\/\/api.w.org\/{rel}","templated":true}]}}