{"id":1017,"date":"2024-12-02T13:25:20","date_gmt":"2024-12-02T11:25:20","guid":{"rendered":"https:\/\/sgs.respond.no\/?post_type=product&#038;p=1017"},"modified":"2024-12-03T10:44:48","modified_gmt":"2024-12-03T08:44:48","slug":"devold-lauparen-190-t-skjorte-herre","status":"publish","type":"product","link":"https:\/\/sgs.respond.no\/?product=devold-lauparen-190-t-skjorte-herre","title":{"rendered":"Devold Lauparen 190 t-skjorte, herre"},"content":{"rendered":"<p>Devold\u00ae Lauparen er lette og myke plagg strikket i 100 % fin merinoull. Denne kvaliteten har god isoleringsevne og sv\u00e6rt gode pusteegenskaper. I tillegg til at ull naturlig regulerer kroppstemperatur etter aktivitet, er Hiking utstyrt med strategisk plasserte nettingpaneler for \u00e5 sikre optimal ventileringsevne. Flate s\u00f8mmer og sidepaneler gir optimal komfort hvis du for eksempel skal b\u00e6re sekk, og plaggene sitter behagelig tett p\u00e5 kroppen. Dette er hel\u00e5rsfavoritten som passer perfekt til all utend\u00f8rsaktivitet \u2013 om det er fotturer, padling, klatring, sykling eller sn\u00f8sport. Strategisk plassering av ventilerende netting. Forlenget ryggpanel. &#8211; 100 % myk merinoull &#8211; Total Easy Care merinoull; maskinvask og tommelt\u00f8rking. &#8211; Ribbstrikket: slitesterk, elastisk og komfortabel.<\/p>\n","protected":false},"excerpt":{"rendered":"<p>Devold\u00ae Lauparen er lette og myke plagg strikket i 100 % fin merinoull. Denne kvaliteten har god isoleringsevne og sv\u00e6rt gode pusteegenskaper. I tillegg til at ull naturlig regulerer kroppstemperatur etter aktivitet, er Hiking utstyrt med strategisk plasserte nettingpaneler for \u00e5 sikre optimal ventileringsevne. Flate s\u00f8mmer og sidepaneler gir optimal komfort hvis du for eksempel skal b\u00e6re sekk, og plaggene sitter behagelig tett p\u00e5 kroppen. Dette er hel\u00e5rsfavoritten som passer perfekt til all utend\u00f8rsaktivitet \u2013 om det er fotturer, padling, klatring, sykling eller sn\u00f8sport. Strategisk plassering av ventilerende netting. Forlenget ryggpanel. &#8211; 100 % myk merinoull &#8211; Total Easy Care merinoull; maskinvask og tommelt\u00f8rking. &#8211; Ribbstrikket: slitesterk, elastisk og komfortabel.<\/p>\n","protected":false},"featured_media":1244,"template":"","meta":{"_angie_page":false,"site-sidebar-layout":"default","site-content-layout":"","ast-site-content-layout":"default","site-content-style":"default","site-sidebar-style":"default","ast-global-header-display":"","ast-banner-title-visibility":"","ast-main-header-display":"","ast-hfb-above-header-display":"","ast-hfb-below-header-display":"","ast-hfb-mobile-header-display":"","site-post-title":"","ast-breadcrumbs-content":"","ast-featured-img":"","footer-sml-layout":"","ast-disable-related-posts":"","theme-transparent-header-meta":"","adv-header-id-meta":"","stick-header-meta":"","header-above-stick-meta":"","header-main-stick-meta":"","header-below-stick-meta":"","astra-migrate-meta-layouts":"default","ast-page-background-enabled":"default","ast-page-background-meta":{"desktop":{"background-color":"var(--ast-global-color-5)","background-image":"","background-repeat":"repeat","background-position":"center center","background-size":"auto","background-attachment":"scroll","background-type":"","background-media":"","overlay-type":"","overlay-color":"","overlay-opacity":"","overlay-gradient":""},"tablet":{"background-color":"","background-image":"","background-repeat":"repeat","background-position":"center center","background-size":"auto","background-attachment":"scroll","background-type":"","background-media":"","overlay-type":"","overlay-color":"","overlay-opacity":"","overlay-gradient":""},"mobile":{"background-color":"","background-image":"","background-repeat":"repeat","background-position":"center center","background-size":"auto","background-attachment":"scroll","background-type":"","background-media":"","overlay-type":"","overlay-color":"","overlay-opacity":"","overlay-gradient":""}},"ast-content-background-meta":{"desktop":{"background-color":"var(--ast-global-color-4)","background-image":"","background-repeat":"repeat","background-position":"center center","background-size":"auto","background-attachment":"scroll","background-type":"","background-media":"","overlay-type":"","overlay-color":"","overlay-opacity":"","overlay-gradient":""},"tablet":{"background-color":"var(--ast-global-color-4)","background-image":"","background-repeat":"repeat","background-position":"center center","background-size":"auto","background-attachment":"scroll","background-type":"","background-media":"","overlay-type":"","overlay-color":"","overlay-opacity":"","overlay-gradient":""},"mobile":{"background-color":"var(--ast-global-color-4)","background-image":"","background-repeat":"repeat","background-position":"center center","background-size":"auto","background-attachment":"scroll","background-type":"","background-media":"","overlay-type":"","overlay-color":"","overlay-opacity":"","overlay-gradient":""}}},"product_brand":[],"product_cat":[72],"product_tag":[],"class_list":{"0":"post-1017","1":"product","2":"type-product","3":"status-publish","4":"has-post-thumbnail","6":"product_cat-profiltoy","7":"pa_storrelse-l","8":"pa_storrelse-m","9":"pa_storrelse-s","10":"pa_storrelse-xl","11":"pa_storrelse-xxl","12":"desktop-align-left","13":"tablet-align-left","14":"mobile-align-left","16":"first","17":"instock","18":"taxable","19":"shipping-taxable","20":"purchasable","21":"product-type-variable"},"_links":{"self":[{"href":"https:\/\/sgs.respond.no\/index.php?rest_route=\/wp\/v2\/product\/1017","targetHints":{"allow":["GET"]}}],"collection":[{"href":"https:\/\/sgs.respond.no\/index.php?rest_route=\/wp\/v2\/product"}],"about":[{"href":"https:\/\/sgs.respond.no\/index.php?rest_route=\/wp\/v2\/types\/product"}],"version-history":[{"count":0,"href":"https:\/\/sgs.respond.no\/index.php?rest_route=\/wp\/v2\/product\/1017\/revisions"}],"wp:featuredmedia":[{"embeddable":true,"href":"https:\/\/sgs.respond.no\/index.php?rest_route=\/wp\/v2\/media\/1244"}],"wp:attachment":[{"href":"https:\/\/sgs.respond.no\/index.php?rest_route=%2Fwp%2Fv2%2Fmedia&parent=1017"}],"wp:term":[{"taxonomy":"product_brand","embeddable":true,"href":"https:\/\/sgs.respond.no\/index.php?rest_route=%2Fwp%2Fv2%2Fproduct_brand&post=1017"},{"taxonomy":"product_cat","embeddable":true,"href":"https:\/\/sgs.respond.no\/index.php?rest_route=%2Fwp%2Fv2%2Fproduct_cat&post=1017"},{"taxonomy":"product_tag","embeddable":true,"href":"https:\/\/sgs.respond.no\/index.php?rest_route=%2Fwp%2Fv2%2Fproduct_tag&post=1017"}],"curies":[{"name":"wp","href":"https:\/\/api.w.org\/{rel}","templated":true}]}}