{"id":730,"date":"2024-12-02T15:12:39","date_gmt":"2024-12-02T13:12:39","guid":{"rendered":"https:\/\/sgs.respond.no\/?post_type=product&#038;p=730"},"modified":"2024-12-03T09:20:05","modified_gmt":"2024-12-03T07:20:05","slug":"devold-nibba-ulljakke-med-hette-herre","status":"publish","type":"product","link":"https:\/\/sgs.respond.no\/?product=devold-nibba-ulljakke-med-hette-herre","title":{"rendered":"Craft ADV pile, Herre"},"content":{"rendered":"<p>Varm og allsidig pile-fleecejakke med kontrastdetaljer, designet for daglig bruk. Jakken er laget av resirkulert polyester, har en brystlomme med glidel\u00e5s og to sidelommer med glidel\u00e5s. Feltet over brystlommen og p\u00e5 kragen har et slett, ensfarget materiale som er optimalt for logotrykk.<\/p>\n<p>\u2022 Brystlomme med glidel\u00e5s<br \/>\n\u2022 To sidelommer med glidel\u00e5s<br \/>\n\u2022 Mansjetter ved ermeavslutninger for \u00e5 hindre vinden i \u00e5 bl\u00e5se inn i jakken<br \/>\n\u2022 Resirkulert materiale<\/p>\n<p>Brodert logo p\u00e5 venstre bryst.<\/p>\n","protected":false},"excerpt":{"rendered":"<p>Varm og allsidig pile-fleecejakke med kontrastdetaljer, designet for daglig bruk. Jakken er laget av resirkulert polyester, har en brystlomme med glidel\u00e5s og to sidelommer med glidel\u00e5s. Feltet over brystlommen og p\u00e5 kragen har et slett, ensfarget materiale som er optimalt for logotrykk.<\/p>\n","protected":false},"featured_media":1027,"template":"","meta":{"_angie_page":false,"site-sidebar-layout":"default","site-content-layout":"","ast-site-content-layout":"default","site-content-style":"default","site-sidebar-style":"default","ast-global-header-display":"","ast-banner-title-visibility":"","ast-main-header-display":"","ast-hfb-above-header-display":"","ast-hfb-below-header-display":"","ast-hfb-mobile-header-display":"","site-post-title":"","ast-breadcrumbs-content":"","ast-featured-img":"","footer-sml-layout":"","ast-disable-related-posts":"","theme-transparent-header-meta":"","adv-header-id-meta":"","stick-header-meta":"","header-above-stick-meta":"","header-main-stick-meta":"","header-below-stick-meta":"","astra-migrate-meta-layouts":"default","ast-page-background-enabled":"default","ast-page-background-meta":{"desktop":{"background-color":"var(--ast-global-color-5)","background-image":"","background-repeat":"repeat","background-position":"center center","background-size":"auto","background-attachment":"scroll","background-type":"","background-media":"","overlay-type":"","overlay-color":"","overlay-opacity":"","overlay-gradient":""},"tablet":{"background-color":"","background-image":"","background-repeat":"repeat","background-position":"center center","background-size":"auto","background-attachment":"scroll","background-type":"","background-media":"","overlay-type":"","overlay-color":"","overlay-opacity":"","overlay-gradient":""},"mobile":{"background-color":"","background-image":"","background-repeat":"repeat","background-position":"center center","background-size":"auto","background-attachment":"scroll","background-type":"","background-media":"","overlay-type":"","overlay-color":"","overlay-opacity":"","overlay-gradient":""}},"ast-content-background-meta":{"desktop":{"background-color":"var(--ast-global-color-4)","background-image":"","background-repeat":"repeat","background-position":"center center","background-size":"auto","background-attachment":"scroll","background-type":"","background-media":"","overlay-type":"","overlay-color":"","overlay-opacity":"","overlay-gradient":""},"tablet":{"background-color":"var(--ast-global-color-4)","background-image":"","background-repeat":"repeat","background-position":"center center","background-size":"auto","background-attachment":"scroll","background-type":"","background-media":"","overlay-type":"","overlay-color":"","overlay-opacity":"","overlay-gradient":""},"mobile":{"background-color":"var(--ast-global-color-4)","background-image":"","background-repeat":"repeat","background-position":"center center","background-size":"auto","background-attachment":"scroll","background-type":"","background-media":"","overlay-type":"","overlay-color":"","overlay-opacity":"","overlay-gradient":""}}},"product_brand":[],"product_cat":[72],"product_tag":[],"class_list":{"0":"post-730","1":"product","2":"type-product","3":"status-publish","4":"has-post-thumbnail","6":"product_cat-profiltoy","7":"pa_storrelse-2xl","8":"pa_storrelse-3xl","9":"pa_storrelse-4xl","10":"pa_storrelse-l","11":"pa_storrelse-m","12":"pa_storrelse-s","13":"pa_storrelse-xl","14":"desktop-align-left","15":"tablet-align-left","16":"mobile-align-left","18":"first","19":"instock","20":"taxable","21":"shipping-taxable","22":"purchasable","23":"product-type-variable"},"_links":{"self":[{"href":"https:\/\/sgs.respond.no\/index.php?rest_route=\/wp\/v2\/product\/730","targetHints":{"allow":["GET"]}}],"collection":[{"href":"https:\/\/sgs.respond.no\/index.php?rest_route=\/wp\/v2\/product"}],"about":[{"href":"https:\/\/sgs.respond.no\/index.php?rest_route=\/wp\/v2\/types\/product"}],"version-history":[{"count":1,"href":"https:\/\/sgs.respond.no\/index.php?rest_route=\/wp\/v2\/product\/730\/revisions"}],"predecessor-version":[{"id":959,"href":"https:\/\/sgs.respond.no\/index.php?rest_route=\/wp\/v2\/product\/730\/revisions\/959"}],"wp:featuredmedia":[{"embeddable":true,"href":"https:\/\/sgs.respond.no\/index.php?rest_route=\/wp\/v2\/media\/1027"}],"wp:attachment":[{"href":"https:\/\/sgs.respond.no\/index.php?rest_route=%2Fwp%2Fv2%2Fmedia&parent=730"}],"wp:term":[{"taxonomy":"product_brand","embeddable":true,"href":"https:\/\/sgs.respond.no\/index.php?rest_route=%2Fwp%2Fv2%2Fproduct_brand&post=730"},{"taxonomy":"product_cat","embeddable":true,"href":"https:\/\/sgs.respond.no\/index.php?rest_route=%2Fwp%2Fv2%2Fproduct_cat&post=730"},{"taxonomy":"product_tag","embeddable":true,"href":"https:\/\/sgs.respond.no\/index.php?rest_route=%2Fwp%2Fv2%2Fproduct_tag&post=730"}],"curies":[{"name":"wp","href":"https:\/\/api.w.org\/{rel}","templated":true}]}}