{"id":738,"date":"2022-04-21T21:26:50","date_gmt":"2022-04-21T19:26:50","guid":{"rendered":"https:\/\/sgs.respond.no\/?post_type=product&#038;p=738"},"modified":"2024-10-18T14:00:04","modified_gmt":"2024-10-18T12:00:04","slug":"devold-nibba-ulljakke-med-hette-dame","status":"publish","type":"product","link":"https:\/\/sgs.respond.no\/?product=devold-nibba-ulljakke-med-hette-dame","title":{"rendered":"Devold Nibba Ulljakke med hette, dame GR\u00c5 ELLER SORT"},"content":{"rendered":"<p>Devold\u00ae Nibba er mellomplagg med utmerket varme-til-vekt verdi, laget i 100 % merinoull.<\/p>\n<p>Ull er pustende, transporterer fuktighet bort fra kroppen og er naturlig lukthemmende.<\/p>\n<p>Nibbaplaggene har en fleksibel passform som gir en avslappet stil, og den b\u00f8rstede innsiden gj\u00f8r dette til superbehagelige plagg med b\u00e5de lett vekt og god isoleringsevne.<\/p>\n<p>Brodert logo p\u00e5 venstre bryst.<\/p>\n","protected":false},"excerpt":{"rendered":"<p>Devold\u00ae Nibba er mellomplagg med utmerket varme-til-vekt verdi, laget i 100 % merinoull. Ull er pustende, transporterer fuktighet bort fra [&hellip;]<\/p>\n","protected":false},"featured_media":745,"template":"","meta":{"_angie_page":false,"site-sidebar-layout":"default","site-content-layout":"","ast-site-content-layout":"default","site-content-style":"default","site-sidebar-style":"default","ast-global-header-display":"","ast-banner-title-visibility":"","ast-main-header-display":"","ast-hfb-above-header-display":"","ast-hfb-below-header-display":"","ast-hfb-mobile-header-display":"","site-post-title":"","ast-breadcrumbs-content":"","ast-featured-img":"","footer-sml-layout":"","ast-disable-related-posts":"","theme-transparent-header-meta":"","adv-header-id-meta":"","stick-header-meta":"","header-above-stick-meta":"","header-main-stick-meta":"","header-below-stick-meta":"","astra-migrate-meta-layouts":"default","ast-page-background-enabled":"default","ast-page-background-meta":{"desktop":{"background-color":"var(--ast-global-color-5)","background-image":"","background-repeat":"repeat","background-position":"center center","background-size":"auto","background-attachment":"scroll","background-type":"","background-media":"","overlay-type":"","overlay-color":"","overlay-opacity":"","overlay-gradient":""},"tablet":{"background-color":"","background-image":"","background-repeat":"repeat","background-position":"center center","background-size":"auto","background-attachment":"scroll","background-type":"","background-media":"","overlay-type":"","overlay-color":"","overlay-opacity":"","overlay-gradient":""},"mobile":{"background-color":"","background-image":"","background-repeat":"repeat","background-position":"center center","background-size":"auto","background-attachment":"scroll","background-type":"","background-media":"","overlay-type":"","overlay-color":"","overlay-opacity":"","overlay-gradient":""}},"ast-content-background-meta":{"desktop":{"background-color":"var(--ast-global-color-4)","background-image":"","background-repeat":"repeat","background-position":"center center","background-size":"auto","background-attachment":"scroll","background-type":"","background-media":"","overlay-type":"","overlay-color":"","overlay-opacity":"","overlay-gradient":""},"tablet":{"background-color":"var(--ast-global-color-4)","background-image":"","background-repeat":"repeat","background-position":"center center","background-size":"auto","background-attachment":"scroll","background-type":"","background-media":"","overlay-type":"","overlay-color":"","overlay-opacity":"","overlay-gradient":""},"mobile":{"background-color":"var(--ast-global-color-4)","background-image":"","background-repeat":"repeat","background-position":"center center","background-size":"auto","background-attachment":"scroll","background-type":"","background-media":"","overlay-type":"","overlay-color":"","overlay-opacity":"","overlay-gradient":""}}},"product_brand":[],"product_cat":[72],"product_tag":[],"class_list":{"0":"post-738","1":"product","2":"type-product","3":"status-publish","4":"has-post-thumbnail","6":"product_cat-profiltoy","7":"pa_farge-gra","8":"pa_farge-sort","9":"pa_storrelse-l","10":"pa_storrelse-m","11":"pa_storrelse-s","12":"pa_storrelse-xl","13":"pa_storrelse-xs","14":"pa_storrelse-xxl","15":"desktop-align-left","16":"tablet-align-left","17":"mobile-align-left","19":"first","20":"instock","21":"taxable","22":"shipping-taxable","23":"purchasable","24":"product-type-variable"},"_links":{"self":[{"href":"https:\/\/sgs.respond.no\/index.php?rest_route=\/wp\/v2\/product\/738","targetHints":{"allow":["GET"]}}],"collection":[{"href":"https:\/\/sgs.respond.no\/index.php?rest_route=\/wp\/v2\/product"}],"about":[{"href":"https:\/\/sgs.respond.no\/index.php?rest_route=\/wp\/v2\/types\/product"}],"version-history":[{"count":0,"href":"https:\/\/sgs.respond.no\/index.php?rest_route=\/wp\/v2\/product\/738\/revisions"}],"wp:featuredmedia":[{"embeddable":true,"href":"https:\/\/sgs.respond.no\/index.php?rest_route=\/wp\/v2\/media\/745"}],"wp:attachment":[{"href":"https:\/\/sgs.respond.no\/index.php?rest_route=%2Fwp%2Fv2%2Fmedia&parent=738"}],"wp:term":[{"taxonomy":"product_brand","embeddable":true,"href":"https:\/\/sgs.respond.no\/index.php?rest_route=%2Fwp%2Fv2%2Fproduct_brand&post=738"},{"taxonomy":"product_cat","embeddable":true,"href":"https:\/\/sgs.respond.no\/index.php?rest_route=%2Fwp%2Fv2%2Fproduct_cat&post=738"},{"taxonomy":"product_tag","embeddable":true,"href":"https:\/\/sgs.respond.no\/index.php?rest_route=%2Fwp%2Fv2%2Fproduct_tag&post=738"}],"curies":[{"name":"wp","href":"https:\/\/api.w.org\/{rel}","templated":true}]}}